{"id":770,"date":"2025-11-09T20:38:06","date_gmt":"2025-11-09T20:38:06","guid":{"rendered":"https:\/\/aibaecks.ch\/?page_id=770"},"modified":"2025-11-09T20:40:09","modified_gmt":"2025-11-09T20:40:09","slug":"impressum","status":"publish","type":"page","link":"https:\/\/aibaecks.ch\/index.php\/impressum\/","title":{"rendered":"Impressum"},"content":{"rendered":"\t\t<div data-elementor-type=\"wp-page\" data-elementor-id=\"770\" class=\"elementor elementor-770\" data-elementor-post-type=\"page\">\n\t\t\t\t<div class=\"elementor-element elementor-element-e9b6055 e-flex e-con-boxed e-con e-parent\" data-id=\"e9b6055\" data-element_type=\"container\" data-e-type=\"container\">\n\t\t\t\t\t<div class=\"e-con-inner\">\n\t\t\t\t<div class=\"elementor-element elementor-element-fd122b1 elementor-widget elementor-widget-heading\" data-id=\"fd122b1\" data-element_type=\"widget\" data-e-type=\"widget\" data-widget_type=\"heading.default\">\n\t\t\t\t<div class=\"elementor-widget-container\">\n\t\t\t\t\t<h2 class=\"elementor-heading-title elementor-size-default\">Impressum<\/h2>\t\t\t\t<\/div>\n\t\t\t\t<\/div>\n\t\t\t\t\t<\/div>\n\t\t\t\t<\/div>\n\t\t<div class=\"elementor-element elementor-element-4c30eeb e-flex e-con-boxed e-con e-parent\" data-id=\"4c30eeb\" data-element_type=\"container\" data-e-type=\"container\">\n\t\t\t\t\t<div class=\"e-con-inner\">\n\t\t\t\t<div class=\"elementor-element elementor-element-3b6d7d1 elementor-widget elementor-widget-text-editor\" data-id=\"3b6d7d1\" data-element_type=\"widget\" data-e-type=\"widget\" data-widget_type=\"text-editor.default\">\n\t\t\t\t<div class=\"elementor-widget-container\">\n\t\t\t\t\t\t\t\t\t<p data-start=\"382\" data-end=\"449\"><strong data-start=\"382\" data-end=\"405\">Guggenmusik Aib\u00e4cks<\/strong><br data-start=\"405\" data-end=\"408\" \/>Via Nova 124<br data-start=\"420\" data-end=\"423\" \/>7013 Domat\/Ems<br data-start=\"437\" data-end=\"440\" \/>Schweiz<\/p><p data-start=\"451\" data-end=\"560\">\ud83d\udce7 E-Mail: <a class=\"decorated-link cursor-pointer\" rel=\"noopener\" data-start=\"462\" data-end=\"505\">info@aibaecks.ch<\/a><br data-start=\"505\" data-end=\"508\" \/>\ud83c\udf10 Website: <a class=\"decorated-link\" href=\"https:\/\/aibaecks.ch\" target=\"_new\" rel=\"noopener\" data-start=\"520\" data-end=\"558\">www.aibaecks.ch<\/a><\/p><p data-start=\"562\" data-end=\"609\"><strong data-start=\"562\" data-end=\"588\">Vertretungsberechtigt:<\/strong><br data-start=\"588\" data-end=\"591\" \/>Daniel Kollegger<\/p><p data-start=\"611\" data-end=\"656\"><strong data-start=\"611\" data-end=\"626\">Rechtsform:<\/strong> Verein nach Schweizer Recht<\/p><p data-start=\"658\" data-end=\"716\"><strong data-start=\"658\" data-end=\"692\">Verantwortlich f\u00fcr den Inhalt:<\/strong><br data-start=\"692\" data-end=\"695\" \/>Guggenmusik Aib\u00e4cks<\/p><p data-start=\"718\" data-end=\"1118\"><strong data-start=\"718\" data-end=\"741\">Haftungsausschluss:<\/strong><br data-start=\"741\" data-end=\"744\" \/>Die Inhalte dieser Website werden mit gr\u00f6sster Sorgfalt erstellt.<br data-start=\"809\" data-end=\"812\" \/>F\u00fcr die Richtigkeit, Vollst\u00e4ndigkeit und Aktualit\u00e4t der Inhalte \u00fcbernehmen wir keine Gew\u00e4hr.<br data-start=\"904\" data-end=\"907\" \/>Haftungsanspr\u00fcche gegen die Guggenmusik Aib\u00e4cks wegen Sch\u00e4den materieller oder immaterieller Art, die aus dem Zugriff oder der Nutzung der ver\u00f6ffentlichten Informationen entstanden sind, werden ausgeschlossen.<\/p><p data-start=\"1120\" data-end=\"1357\"><strong data-start=\"1120\" data-end=\"1138\">Externe Links:<\/strong><br data-start=\"1138\" data-end=\"1141\" \/>Diese Website enth\u00e4lt Links zu externen Websites Dritter. Auf deren Inhalte haben wir keinen Einfluss und \u00fcbernehmen keine Verantwortung.<br data-start=\"1278\" data-end=\"1281\" \/>Zum Zeitpunkt der Verlinkung waren keine rechtswidrigen Inhalte erkennbar.<\/p><p data-start=\"1359\" data-end=\"1551\"><strong data-start=\"1359\" data-end=\"1376\">Urheberrecht:<\/strong><br data-start=\"1376\" data-end=\"1379\" \/>Alle Texte, Bilder und Grafiken auf dieser Website sind urheberrechtlich gesch\u00fctzt. Eine Verwendung ist nur mit ausdr\u00fccklicher Zustimmung der Guggenmusik Aib\u00e4cks erlaubt.<\/p><p data-start=\"1553\" data-end=\"1704\"><strong data-start=\"1553\" data-end=\"1565\">Hosting:<\/strong><br data-start=\"1565\" data-end=\"1568\" \/>Diese Website wird auf Servern eines europ\u00e4ischen Hosting-Dienstleisters betrieben.<br data-start=\"1651\" data-end=\"1654\" \/>Der Serverstandort befindet sich in der Schweiz.<\/p><p data-start=\"1706\" data-end=\"1788\"><strong data-start=\"1706\" data-end=\"1724\">Gerichtsstand:<\/strong><br data-start=\"1724\" data-end=\"1727\" \/>Schweizer Recht ist anwendbar. Gerichtsstand ist Domat\/Ems.<\/p>\t\t\t\t\t\t\t\t<\/div>\n\t\t\t\t<\/div>\n\t\t\t\t\t<\/div>\n\t\t\t\t<\/div>\n\t\t\t\t<\/div>\n\t\t","protected":false},"excerpt":{"rendered":"<p>Impressum Guggenmusik Aib\u00e4cksVia Nova 1247013 Domat\/EmsSchweiz \ud83d\udce7 E-Mail: info@aibaecks.ch\ud83c\udf10 Website: www.aibaecks.ch Vertretungsberechtigt:Daniel Kollegger Rechtsform: Verein nach Schweizer Recht Verantwortlich f\u00fcr den Inhalt:Guggenmusik Aib\u00e4cks Haftungsausschluss:Die Inhalte dieser Website werden mit gr\u00f6sster Sorgfalt erstellt.F\u00fcr die Richtigkeit, Vollst\u00e4ndigkeit und Aktualit\u00e4t der Inhalte \u00fcbernehmen wir keine Gew\u00e4hr.Haftungsanspr\u00fcche gegen die Guggenmusik Aib\u00e4cks wegen Sch\u00e4den materieller oder immaterieller Art, die aus [&hellip;]<\/p>\n","protected":false},"author":1,"featured_media":0,"parent":0,"menu_order":0,"comment_status":"closed","ping_status":"closed","template":"","meta":{"footnotes":""},"class_list":["post-770","page","type-page","status-publish","hentry"],"_links":{"self":[{"href":"https:\/\/aibaecks.ch\/index.php\/wp-json\/wp\/v2\/pages\/770","targetHints":{"allow":["GET"]}}],"collection":[{"href":"https:\/\/aibaecks.ch\/index.php\/wp-json\/wp\/v2\/pages"}],"about":[{"href":"https:\/\/aibaecks.ch\/index.php\/wp-json\/wp\/v2\/types\/page"}],"author":[{"embeddable":true,"href":"https:\/\/aibaecks.ch\/index.php\/wp-json\/wp\/v2\/users\/1"}],"replies":[{"embeddable":true,"href":"https:\/\/aibaecks.ch\/index.php\/wp-json\/wp\/v2\/comments?post=770"}],"version-history":[{"count":4,"href":"https:\/\/aibaecks.ch\/index.php\/wp-json\/wp\/v2\/pages\/770\/revisions"}],"predecessor-version":[{"id":774,"href":"https:\/\/aibaecks.ch\/index.php\/wp-json\/wp\/v2\/pages\/770\/revisions\/774"}],"wp:attachment":[{"href":"https:\/\/aibaecks.ch\/index.php\/wp-json\/wp\/v2\/media?parent=770"}],"curies":[{"name":"wp","href":"https:\/\/api.w.org\/{rel}","templated":true}]}}